{"id":1955,"date":"2022-06-23T16:59:20","date_gmt":"2022-06-23T16:59:20","guid":{"rendered":"https:\/\/www.campingdomaso.com\/ueber-uns\/"},"modified":"2022-10-23T09:15:50","modified_gmt":"2022-10-23T09:15:50","slug":"ueber-uns","status":"publish","type":"page","link":"https:\/\/www.campingdomaso.com\/de\/ueber-uns\/","title":{"rendered":"\u00dcber uns"},"content":{"rendered":"\t\t<div data-elementor-type=\"wp-page\" data-elementor-id=\"1955\" class=\"elementor elementor-1955 elementor-1186\" data-elementor-post-type=\"page\">\n\t\t\t\t\t\t<section class=\"elementor-section elementor-top-section elementor-element elementor-element-48c948e elementor-reverse-mobile elementor-section-boxed elementor-section-height-default elementor-section-height-default\" data-id=\"48c948e\" data-element_type=\"section\">\n\t\t\t\t\t\t<div class=\"elementor-container elementor-column-gap-default\">\n\t\t\t\t\t<div class=\"elementor-column elementor-col-100 elementor-top-column elementor-element elementor-element-f4016bc\" data-id=\"f4016bc\" data-element_type=\"column\">\n\t\t\t<div class=\"elementor-widget-wrap elementor-element-populated\">\n\t\t\t\t\t\t<div class=\"elementor-element elementor-element-776fc99 elementor-widget elementor-widget-heading\" data-id=\"776fc99\" data-element_type=\"widget\" data-widget_type=\"heading.default\">\n\t\t\t\t<div class=\"elementor-widget-container\">\n\t\t\t\t\t<h2 class=\"elementor-heading-title elementor-size-default\">Wir sind Consuelo und Davide<\/h2>\t\t\t\t<\/div>\n\t\t\t\t<\/div>\n\t\t\t\t<div class=\"elementor-element elementor-element-cc30690 elementor-widget elementor-widget-heading\" data-id=\"cc30690\" data-element_type=\"widget\" data-widget_type=\"heading.default\">\n\t\t\t\t<div class=\"elementor-widget-container\">\n\t\t\t\t\t<h3 class=\"elementor-heading-title elementor-size-default\">und zusammen mit unseren Eltern Nicoletta und Alessandro k\u00f6nnen wir es kaum erwarten, Sie in unserem neuen Haus begr\u00fc\u00dfen zu d\u00fcrfen!<\/h3>\t\t\t\t<\/div>\n\t\t\t\t<\/div>\n\t\t\t\t<div class=\"elementor-element elementor-element-75a78fe elementor-widget elementor-widget-text-editor\" data-id=\"75a78fe\" data-element_type=\"widget\" data-widget_type=\"text-editor.default\">\n\t\t\t\t<div class=\"elementor-widget-container\">\n\t\t\t\t\t\t\t\t\t<p class=\"p2\"><span class=\"s1\">Wir sind die dritte Generation, die Camping Gardenia betreibt. In 1963 beschloss unser Gro\u00dfvater Consolino, einen der ersten Campingpl\u00e4tze am Comer See zu er\u00f6ffnen.<\/span><\/p><p class=\"p2\"><span class=\"s1\">Um mit der Zeit Schritt zu halten, haben wir uns in den letzten Jahren entschlossen, wesentliche \u00c4nderungen vorzunehmen: deshalb hei\u00dfen wir Sie in unserem \u2018neuen Haus\u2019 willkommen!<\/span><\/p>\t\t\t\t\t\t\t\t<\/div>\n\t\t\t\t<\/div>\n\t\t\t\t\t<\/div>\n\t\t<\/div>\n\t\t\t\t\t<\/div>\n\t\t<\/section>\n\t\t\t\t<section class=\"elementor-section elementor-top-section elementor-element elementor-element-4d63349 elementor-reverse-mobile elementor-section-height-min-height elementor-section-boxed elementor-section-height-default elementor-section-items-middle\" data-id=\"4d63349\" data-element_type=\"section\" data-settings=\"{&quot;background_background&quot;:&quot;slideshow&quot;,&quot;background_slideshow_gallery&quot;:[{&quot;id&quot;:1187,&quot;url&quot;:&quot;https:\\\/\\\/www.campingdomaso.com\\\/wp-content\\\/uploads\\\/2022\\\/06\\\/staff-residence-domaso-gardenia-scaled-e1656004054610.jpg&quot;}],&quot;background_slideshow_slide_duration&quot;:2500,&quot;shape_divider_top&quot;:&quot;opacity-tilt&quot;,&quot;shape_divider_bottom&quot;:&quot;opacity-tilt&quot;,&quot;background_slideshow_loop&quot;:&quot;yes&quot;,&quot;background_slideshow_slide_transition&quot;:&quot;fade&quot;,&quot;background_slideshow_transition_duration&quot;:500}\">\n\t\t\t\t\t<div class=\"elementor-shape elementor-shape-top\" aria-hidden=\"true\" data-negative=\"false\">\n\t\t\t<svg xmlns=\"http:\/\/www.w3.org\/2000\/svg\" viewBox=\"0 0 2600 131.1\" preserveAspectRatio=\"none\">\n\t<path class=\"elementor-shape-fill\" d=\"M0 0L2600 0 2600 69.1 0 0z\"\/>\n\t<path class=\"elementor-shape-fill\" style=\"opacity:0.5\" d=\"M0 0L2600 0 2600 69.1 0 69.1z\"\/>\n\t<path class=\"elementor-shape-fill\" style=\"opacity:0.25\" d=\"M2600 0L0 0 0 130.1 2600 69.1z\"\/>\n<\/svg>\t\t<\/div>\n\t\t\t\t<div class=\"elementor-shape elementor-shape-bottom\" aria-hidden=\"true\" data-negative=\"false\">\n\t\t\t<svg xmlns=\"http:\/\/www.w3.org\/2000\/svg\" viewBox=\"0 0 2600 131.1\" preserveAspectRatio=\"none\">\n\t<path class=\"elementor-shape-fill\" d=\"M0 0L2600 0 2600 69.1 0 0z\"\/>\n\t<path class=\"elementor-shape-fill\" style=\"opacity:0.5\" d=\"M0 0L2600 0 2600 69.1 0 69.1z\"\/>\n\t<path class=\"elementor-shape-fill\" style=\"opacity:0.25\" d=\"M2600 0L0 0 0 130.1 2600 69.1z\"\/>\n<\/svg>\t\t<\/div>\n\t\t\t\t\t<div class=\"elementor-container elementor-column-gap-default\">\n\t\t\t\t\t<div class=\"elementor-column elementor-col-100 elementor-top-column elementor-element elementor-element-93768a2\" data-id=\"93768a2\" data-element_type=\"column\">\n\t\t\t<div class=\"elementor-widget-wrap\">\n\t\t\t\t\t\t\t<\/div>\n\t\t<\/div>\n\t\t\t\t\t<\/div>\n\t\t<\/section>\n\t\t\t\t<section class=\"elementor-section elementor-top-section elementor-element elementor-element-2e643c8 elementor-section-boxed elementor-section-height-default elementor-section-height-default\" data-id=\"2e643c8\" data-element_type=\"section\" data-settings=\"{&quot;background_background&quot;:&quot;classic&quot;,&quot;shape_divider_bottom&quot;:&quot;opacity-tilt&quot;}\">\n\t\t\t\t\t<div class=\"elementor-shape elementor-shape-bottom\" aria-hidden=\"true\" data-negative=\"false\">\n\t\t\t<svg xmlns=\"http:\/\/www.w3.org\/2000\/svg\" viewBox=\"0 0 2600 131.1\" preserveAspectRatio=\"none\">\n\t<path class=\"elementor-shape-fill\" d=\"M0 0L2600 0 2600 69.1 0 0z\"\/>\n\t<path class=\"elementor-shape-fill\" style=\"opacity:0.5\" d=\"M0 0L2600 0 2600 69.1 0 69.1z\"\/>\n\t<path class=\"elementor-shape-fill\" style=\"opacity:0.25\" d=\"M2600 0L0 0 0 130.1 2600 69.1z\"\/>\n<\/svg>\t\t<\/div>\n\t\t\t\t\t<div class=\"elementor-container elementor-column-gap-default\">\n\t\t\t\t\t<div class=\"elementor-column elementor-col-100 elementor-top-column elementor-element elementor-element-3dbd8a2\" data-id=\"3dbd8a2\" data-element_type=\"column\">\n\t\t\t<div class=\"elementor-widget-wrap elementor-element-populated\">\n\t\t\t\t\t\t<div class=\"elementor-element elementor-element-580ce29 elementor-widget elementor-widget-heading\" data-id=\"580ce29\" data-element_type=\"widget\" data-widget_type=\"heading.default\">\n\t\t\t\t<div class=\"elementor-widget-container\">\n\t\t\t\t\t<h3 class=\"elementor-heading-title elementor-size-default\">In 2013 wurde der Toilettenblock von Grund auf neu aufgebaut, aber die gr\u00f6\u00dfte Herausforderung, der wir uns zwischen 2019 und 2021 stellen mussten.\n\n<\/h3>\t\t\t\t<\/div>\n\t\t\t\t<\/div>\n\t\t\t\t<div class=\"elementor-element elementor-element-f6e5932 elementor-widget elementor-widget-text-editor\" data-id=\"f6e5932\" data-element_type=\"widget\" data-widget_type=\"text-editor.default\">\n\t\t\t\t<div class=\"elementor-widget-container\">\n\t\t\t\t\t\t\t\t\t<p class=\"p2\"><span style=\"color: var( --e-global-color-text ); font-weight: var( --e-global-typography-text-font-weight ); background-color: var( --e-global-color-86f5064 );\">Das Geb\u00e4ude am Seeufer wurde tats\u00e4chlich radikal renoviert, aber wir m\u00f6chten unsere Tradition nicht verlieren.<\/span><\/p><p class=\"p2\"><span class=\"s1\">Die kleine bis mittlere Gr\u00f6\u00dfe unseres Campingplatzes erm\u00f6glicht es uns, das zu tun, was wir am meisten lieben: mit jedem einzelnen Gast in Kontakt zu treten und zu versuchen, dass Sie sich sofort wohl f\u00fchlen, in einer vertrauten und einladenden Umgebung.<\/span><\/p><p class=\"p2\"><span class=\"s1\">Wir unterhalten uns gerne mit Ihnen und geben Ihnen einige Vorschl\u00e4ge, wie Sie die Sch\u00f6nheit unseres Sees und der umliegenden Berge genie\u00dfen k\u00f6nnen.<\/span><\/p>\t\t\t\t\t\t\t\t<\/div>\n\t\t\t\t<\/div>\n\t\t\t\t<div class=\"elementor-element elementor-element-cf3fc13 elementor-widget elementor-widget-heading\" data-id=\"cf3fc13\" data-element_type=\"widget\" data-widget_type=\"heading.default\">\n\t\t\t\t<div class=\"elementor-widget-container\">\n\t\t\t\t\t<h3 class=\"elementor-heading-title elementor-size-default\">Hier bei Camping Gardenia sind wir nicht perfekt, aber wir tun unser Bestes, damit Sie sich gut f\u00fchlen!\n\n<\/h3>\t\t\t\t<\/div>\n\t\t\t\t<\/div>\n\t\t\t\t\t<\/div>\n\t\t<\/div>\n\t\t\t\t\t<\/div>\n\t\t<\/section>\n\t\t\t\t<\/div>\n\t\t","protected":false},"excerpt":{"rendered":"<p>Wir sind Consuelo und Davide und zusammen mit unseren Eltern Nicoletta und Alessandro k\u00f6nnen wir es kaum erwarten, Sie in unserem neuen Haus begr\u00fc\u00dfen zu d\u00fcrfen! Wir sind die dritte Generation, die Camping Gardenia betreibt. In 1963 beschloss unser Gro\u00dfvater Consolino, einen der ersten Campingpl\u00e4tze am Comer See zu er\u00f6ffnen. Um mit der Zeit Schritt [&hellip;]<\/p>\n","protected":false},"author":1,"featured_media":1657,"parent":0,"menu_order":0,"comment_status":"closed","ping_status":"closed","template":"","meta":{"_acf_changed":false,"footnotes":""},"class_list":["post-1955","page","type-page","status-publish","has-post-thumbnail","hentry"],"acf":[],"yoast_head":"<!-- This site is optimized with the Yoast SEO plugin v26.3 - https:\/\/yoast.com\/wordpress\/plugins\/seo\/ -->\n<title>\u00dcber uns - Camping Residence Gardenia, Domaso Lago di Como<\/title>\n<meta name=\"robots\" content=\"index, follow, max-snippet:-1, max-image-preview:large, max-video-preview:-1\" \/>\n<link rel=\"canonical\" href=\"https:\/\/www.campingdomaso.com\/de\/ueber-uns\/\" \/>\n<meta property=\"og:locale\" content=\"de_DE\" \/>\n<meta property=\"og:type\" content=\"article\" \/>\n<meta property=\"og:title\" content=\"\u00dcber uns - Camping Residence Gardenia, Domaso Lago di Como\" \/>\n<meta property=\"og:description\" content=\"Wir sind Consuelo und Davide und zusammen mit unseren Eltern Nicoletta und Alessandro k\u00f6nnen wir es kaum erwarten, Sie in unserem neuen Haus begr\u00fc\u00dfen zu d\u00fcrfen! Wir sind die dritte Generation, die Camping Gardenia betreibt. In 1963 beschloss unser Gro\u00dfvater Consolino, einen der ersten Campingpl\u00e4tze am Comer See zu er\u00f6ffnen. Um mit der Zeit Schritt [&hellip;]\" \/>\n<meta property=\"og:url\" content=\"https:\/\/www.campingdomaso.com\/de\/ueber-uns\/\" \/>\n<meta property=\"og:site_name\" content=\"Camping Residence Gardenia, Domaso Lago di Como\" \/>\n<meta property=\"article:publisher\" content=\"https:\/\/www.facebook.com\/campingardenia\" \/>\n<meta property=\"article:modified_time\" content=\"2022-10-23T09:15:50+00:00\" \/>\n<meta property=\"og:image\" content=\"https:\/\/www.campingdomaso.com\/wp-content\/uploads\/2022\/06\/domaso-di-giorno.jpg\" \/>\n\t<meta property=\"og:image:width\" content=\"2288\" \/>\n\t<meta property=\"og:image:height\" content=\"1712\" \/>\n\t<meta property=\"og:image:type\" content=\"image\/jpeg\" \/>\n<meta name=\"twitter:card\" content=\"summary_large_image\" \/>\n<meta name=\"twitter:label1\" content=\"Gesch\u00e4tzte Lesezeit\" \/>\n\t<meta name=\"twitter:data1\" content=\"1\u00a0Minute\" \/>\n<script type=\"application\/ld+json\" class=\"yoast-schema-graph\">{\"@context\":\"https:\/\/schema.org\",\"@graph\":[{\"@type\":\"WebPage\",\"@id\":\"https:\/\/www.campingdomaso.com\/de\/ueber-uns\/\",\"url\":\"https:\/\/www.campingdomaso.com\/de\/ueber-uns\/\",\"name\":\"\u00dcber uns - Camping Residence Gardenia, Domaso Lago di Como\",\"isPartOf\":{\"@id\":\"https:\/\/www.campingdomaso.com\/de\/#website\"},\"primaryImageOfPage\":{\"@id\":\"https:\/\/www.campingdomaso.com\/de\/ueber-uns\/#primaryimage\"},\"image\":{\"@id\":\"https:\/\/www.campingdomaso.com\/de\/ueber-uns\/#primaryimage\"},\"thumbnailUrl\":\"https:\/\/www.campingdomaso.com\/wp-content\/uploads\/2022\/06\/domaso-di-giorno.jpg\",\"datePublished\":\"2022-06-23T16:59:20+00:00\",\"dateModified\":\"2022-10-23T09:15:50+00:00\",\"breadcrumb\":{\"@id\":\"https:\/\/www.campingdomaso.com\/de\/ueber-uns\/#breadcrumb\"},\"inLanguage\":\"de\",\"potentialAction\":[{\"@type\":\"ReadAction\",\"target\":[\"https:\/\/www.campingdomaso.com\/de\/ueber-uns\/\"]}]},{\"@type\":\"ImageObject\",\"inLanguage\":\"de\",\"@id\":\"https:\/\/www.campingdomaso.com\/de\/ueber-uns\/#primaryimage\",\"url\":\"https:\/\/www.campingdomaso.com\/wp-content\/uploads\/2022\/06\/domaso-di-giorno.jpg\",\"contentUrl\":\"https:\/\/www.campingdomaso.com\/wp-content\/uploads\/2022\/06\/domaso-di-giorno.jpg\",\"width\":2288,\"height\":1712},{\"@type\":\"BreadcrumbList\",\"@id\":\"https:\/\/www.campingdomaso.com\/de\/ueber-uns\/#breadcrumb\",\"itemListElement\":[{\"@type\":\"ListItem\",\"position\":1,\"name\":\"Home\",\"item\":\"https:\/\/www.campingdomaso.com\/de\/\"},{\"@type\":\"ListItem\",\"position\":2,\"name\":\"\u00dcber uns\"}]},{\"@type\":\"WebSite\",\"@id\":\"https:\/\/www.campingdomaso.com\/de\/#website\",\"url\":\"https:\/\/www.campingdomaso.com\/de\/\",\"name\":\"Camping Residence Gardenia, Domaso Lago di Como\",\"description\":\"Camping Gardenia, ideale per coppie, famiglie e gruppi di amici. Domaso, Lago di Como\",\"publisher\":{\"@id\":\"https:\/\/www.campingdomaso.com\/de\/#organization\"},\"potentialAction\":[{\"@type\":\"SearchAction\",\"target\":{\"@type\":\"EntryPoint\",\"urlTemplate\":\"https:\/\/www.campingdomaso.com\/de\/?s={search_term_string}\"},\"query-input\":{\"@type\":\"PropertyValueSpecification\",\"valueRequired\":true,\"valueName\":\"search_term_string\"}}],\"inLanguage\":\"de\"},{\"@type\":\"Organization\",\"@id\":\"https:\/\/www.campingdomaso.com\/de\/#organization\",\"name\":\"Camping Residence Gardenia, Domaso - Lago di Como\",\"url\":\"https:\/\/www.campingdomaso.com\/de\/\",\"logo\":{\"@type\":\"ImageObject\",\"inLanguage\":\"de\",\"@id\":\"https:\/\/www.campingdomaso.com\/de\/#\/schema\/logo\/image\/\",\"url\":\"https:\/\/www.campingdomaso.com\/wp-content\/uploads\/2022\/05\/logo-gardenia.png\",\"contentUrl\":\"https:\/\/www.campingdomaso.com\/wp-content\/uploads\/2022\/05\/logo-gardenia.png\",\"width\":355,\"height\":147,\"caption\":\"Camping Residence Gardenia, Domaso - Lago di Como\"},\"image\":{\"@id\":\"https:\/\/www.campingdomaso.com\/de\/#\/schema\/logo\/image\/\"},\"sameAs\":[\"https:\/\/www.facebook.com\/campingardenia\",\"https:\/\/www.instagram.com\/campinggardenia\/\"]}]}<\/script>\n<!-- \/ Yoast SEO plugin. -->","yoast_head_json":{"title":"\u00dcber uns - Camping Residence Gardenia, Domaso Lago di Como","robots":{"index":"index","follow":"follow","max-snippet":"max-snippet:-1","max-image-preview":"max-image-preview:large","max-video-preview":"max-video-preview:-1"},"canonical":"https:\/\/www.campingdomaso.com\/de\/ueber-uns\/","og_locale":"de_DE","og_type":"article","og_title":"\u00dcber uns - Camping Residence Gardenia, Domaso Lago di Como","og_description":"Wir sind Consuelo und Davide und zusammen mit unseren Eltern Nicoletta und Alessandro k\u00f6nnen wir es kaum erwarten, Sie in unserem neuen Haus begr\u00fc\u00dfen zu d\u00fcrfen! Wir sind die dritte Generation, die Camping Gardenia betreibt. In 1963 beschloss unser Gro\u00dfvater Consolino, einen der ersten Campingpl\u00e4tze am Comer See zu er\u00f6ffnen. Um mit der Zeit Schritt [&hellip;]","og_url":"https:\/\/www.campingdomaso.com\/de\/ueber-uns\/","og_site_name":"Camping Residence Gardenia, Domaso Lago di Como","article_publisher":"https:\/\/www.facebook.com\/campingardenia","article_modified_time":"2022-10-23T09:15:50+00:00","og_image":[{"width":2288,"height":1712,"url":"https:\/\/www.campingdomaso.com\/wp-content\/uploads\/2022\/06\/domaso-di-giorno.jpg","type":"image\/jpeg"}],"twitter_card":"summary_large_image","twitter_misc":{"Gesch\u00e4tzte Lesezeit":"1\u00a0Minute"},"schema":{"@context":"https:\/\/schema.org","@graph":[{"@type":"WebPage","@id":"https:\/\/www.campingdomaso.com\/de\/ueber-uns\/","url":"https:\/\/www.campingdomaso.com\/de\/ueber-uns\/","name":"\u00dcber uns - Camping Residence Gardenia, Domaso Lago di Como","isPartOf":{"@id":"https:\/\/www.campingdomaso.com\/de\/#website"},"primaryImageOfPage":{"@id":"https:\/\/www.campingdomaso.com\/de\/ueber-uns\/#primaryimage"},"image":{"@id":"https:\/\/www.campingdomaso.com\/de\/ueber-uns\/#primaryimage"},"thumbnailUrl":"https:\/\/www.campingdomaso.com\/wp-content\/uploads\/2022\/06\/domaso-di-giorno.jpg","datePublished":"2022-06-23T16:59:20+00:00","dateModified":"2022-10-23T09:15:50+00:00","breadcrumb":{"@id":"https:\/\/www.campingdomaso.com\/de\/ueber-uns\/#breadcrumb"},"inLanguage":"de","potentialAction":[{"@type":"ReadAction","target":["https:\/\/www.campingdomaso.com\/de\/ueber-uns\/"]}]},{"@type":"ImageObject","inLanguage":"de","@id":"https:\/\/www.campingdomaso.com\/de\/ueber-uns\/#primaryimage","url":"https:\/\/www.campingdomaso.com\/wp-content\/uploads\/2022\/06\/domaso-di-giorno.jpg","contentUrl":"https:\/\/www.campingdomaso.com\/wp-content\/uploads\/2022\/06\/domaso-di-giorno.jpg","width":2288,"height":1712},{"@type":"BreadcrumbList","@id":"https:\/\/www.campingdomaso.com\/de\/ueber-uns\/#breadcrumb","itemListElement":[{"@type":"ListItem","position":1,"name":"Home","item":"https:\/\/www.campingdomaso.com\/de\/"},{"@type":"ListItem","position":2,"name":"\u00dcber uns"}]},{"@type":"WebSite","@id":"https:\/\/www.campingdomaso.com\/de\/#website","url":"https:\/\/www.campingdomaso.com\/de\/","name":"Camping Residence Gardenia, Domaso Lago di Como","description":"Camping Gardenia, ideale per coppie, famiglie e gruppi di amici. Domaso, Lago di Como","publisher":{"@id":"https:\/\/www.campingdomaso.com\/de\/#organization"},"potentialAction":[{"@type":"SearchAction","target":{"@type":"EntryPoint","urlTemplate":"https:\/\/www.campingdomaso.com\/de\/?s={search_term_string}"},"query-input":{"@type":"PropertyValueSpecification","valueRequired":true,"valueName":"search_term_string"}}],"inLanguage":"de"},{"@type":"Organization","@id":"https:\/\/www.campingdomaso.com\/de\/#organization","name":"Camping Residence Gardenia, Domaso - Lago di Como","url":"https:\/\/www.campingdomaso.com\/de\/","logo":{"@type":"ImageObject","inLanguage":"de","@id":"https:\/\/www.campingdomaso.com\/de\/#\/schema\/logo\/image\/","url":"https:\/\/www.campingdomaso.com\/wp-content\/uploads\/2022\/05\/logo-gardenia.png","contentUrl":"https:\/\/www.campingdomaso.com\/wp-content\/uploads\/2022\/05\/logo-gardenia.png","width":355,"height":147,"caption":"Camping Residence Gardenia, Domaso - Lago di Como"},"image":{"@id":"https:\/\/www.campingdomaso.com\/de\/#\/schema\/logo\/image\/"},"sameAs":["https:\/\/www.facebook.com\/campingardenia","https:\/\/www.instagram.com\/campinggardenia\/"]}]}},"_links":{"self":[{"href":"https:\/\/www.campingdomaso.com\/de\/wp-json\/wp\/v2\/pages\/1955","targetHints":{"allow":["GET"]}}],"collection":[{"href":"https:\/\/www.campingdomaso.com\/de\/wp-json\/wp\/v2\/pages"}],"about":[{"href":"https:\/\/www.campingdomaso.com\/de\/wp-json\/wp\/v2\/types\/page"}],"author":[{"embeddable":true,"href":"https:\/\/www.campingdomaso.com\/de\/wp-json\/wp\/v2\/users\/1"}],"replies":[{"embeddable":true,"href":"https:\/\/www.campingdomaso.com\/de\/wp-json\/wp\/v2\/comments?post=1955"}],"version-history":[{"count":4,"href":"https:\/\/www.campingdomaso.com\/de\/wp-json\/wp\/v2\/pages\/1955\/revisions"}],"predecessor-version":[{"id":3109,"href":"https:\/\/www.campingdomaso.com\/de\/wp-json\/wp\/v2\/pages\/1955\/revisions\/3109"}],"wp:featuredmedia":[{"embeddable":true,"href":"https:\/\/www.campingdomaso.com\/de\/wp-json\/wp\/v2\/media\/1657"}],"wp:attachment":[{"href":"https:\/\/www.campingdomaso.com\/de\/wp-json\/wp\/v2\/media?parent=1955"}],"curies":[{"name":"wp","href":"https:\/\/api.w.org\/{rel}","templated":true}]}}