{"id":1901,"date":"2022-06-16T08:27:32","date_gmt":"2022-06-16T08:27:32","guid":{"rendered":"https:\/\/www.campingdomaso.com\/wohnungen\/ferienwohnung\/"},"modified":"2024-08-19T10:01:27","modified_gmt":"2024-08-19T10:01:27","slug":"ferienwohnungen","status":"publish","type":"page","link":"https:\/\/www.campingdomaso.com\/de\/wohnungen\/ferienwohnungen\/","title":{"rendered":"Ferienwohnungen"},"content":{"rendered":"\t\t<div data-elementor-type=\"wp-page\" data-elementor-id=\"1901\" class=\"elementor elementor-1901 elementor-948\" data-elementor-post-type=\"page\">\n\t\t\t\t\t\t<section class=\"elementor-section elementor-top-section elementor-element elementor-element-fa9e26d elementor-reverse-mobile elementor-section-boxed elementor-section-height-default elementor-section-height-default\" data-id=\"fa9e26d\" data-element_type=\"section\">\n\t\t\t\t\t\t<div class=\"elementor-container elementor-column-gap-default\">\n\t\t\t\t\t<div class=\"elementor-column elementor-col-100 elementor-top-column elementor-element elementor-element-5ae2d57\" data-id=\"5ae2d57\" data-element_type=\"column\">\n\t\t\t<div class=\"elementor-widget-wrap elementor-element-populated\">\n\t\t\t\t\t\t<div class=\"elementor-element elementor-element-077ed34 elementor-widget elementor-widget-heading\" data-id=\"077ed34\" data-element_type=\"widget\" data-widget_type=\"heading.default\">\n\t\t\t\t<div class=\"elementor-widget-container\">\n\t\t\t\t\t<h3 class=\"elementor-heading-title elementor-size-default\">Unsere Ferienh\u00e4user am Comer See liegen 5 gehen Minuten vom Strand und sind f\u00fcr Familien mit Kindern geeignet<\/h3>\t\t\t\t<\/div>\n\t\t\t\t<\/div>\n\t\t\t\t\t<\/div>\n\t\t<\/div>\n\t\t\t\t\t<\/div>\n\t\t<\/section>\n\t\t\t\t<section class=\"elementor-section elementor-top-section elementor-element elementor-element-e7f0afa elementor-section-boxed elementor-section-height-default elementor-section-height-default\" data-id=\"e7f0afa\" data-element_type=\"section\">\n\t\t\t\t\t\t<div class=\"elementor-container elementor-column-gap-default\">\n\t\t\t\t\t<div class=\"elementor-column elementor-col-50 elementor-top-column elementor-element elementor-element-6a5f91a\" data-id=\"6a5f91a\" data-element_type=\"column\">\n\t\t\t<div class=\"elementor-widget-wrap elementor-element-populated\">\n\t\t\t\t\t\t<div class=\"elementor-element elementor-element-ce8b988 elementor-position-top elementor-widget elementor-widget-image-box\" data-id=\"ce8b988\" data-element_type=\"widget\" data-widget_type=\"image-box.default\">\n\t\t\t\t<div class=\"elementor-widget-container\">\n\t\t\t\t\t<div class=\"elementor-image-box-wrapper\"><figure class=\"elementor-image-box-img\"><a href=\"https:\/\/www.campingdomaso.com\/de\/wohnungen\/ferienwohnungen\/60-qm-wohnung-200m-weit-vom-see\/\" tabindex=\"-1\"><img fetchpriority=\"high\" decoding=\"async\" width=\"2560\" height=\"1704\" src=\"https:\/\/www.campingdomaso.com\/wp-content\/uploads\/2024\/06\/60mq-7-scaled.jpg\" class=\"elementor-animation-grow attachment-full size-full wp-image-3875\" alt=\"\" srcset=\"https:\/\/www.campingdomaso.com\/wp-content\/uploads\/2024\/06\/60mq-7-scaled.jpg 2560w, https:\/\/www.campingdomaso.com\/wp-content\/uploads\/2024\/06\/60mq-7-300x200.jpg 300w, https:\/\/www.campingdomaso.com\/wp-content\/uploads\/2024\/06\/60mq-7-1024x681.jpg 1024w, https:\/\/www.campingdomaso.com\/wp-content\/uploads\/2024\/06\/60mq-7-768x511.jpg 768w, https:\/\/www.campingdomaso.com\/wp-content\/uploads\/2024\/06\/60mq-7-1536x1022.jpg 1536w, https:\/\/www.campingdomaso.com\/wp-content\/uploads\/2024\/06\/60mq-7-2048x1363.jpg 2048w\" sizes=\"(max-width: 2560px) 100vw, 2560px\" \/><\/a><\/figure><div class=\"elementor-image-box-content\"><h3 class=\"elementor-image-box-title\"><a href=\"https:\/\/www.campingdomaso.com\/de\/wohnungen\/ferienwohnungen\/60-qm-wohnung-200m-weit-vom-see\/\">60 qm Wohnung<\/a><\/h3><p class=\"elementor-image-box-description\">Eingerichteter Wohnk\u00fcche, Wohnzimmer, 2 Schlafzimmer, Bad\/WC, Sat. Fernseher, W-Lan, Klimaanlage, Terrasse, Parkplatz, direkt Zugang zum See<\/p><\/div><\/div>\t\t\t\t<\/div>\n\t\t\t\t<\/div>\n\t\t\t\t\t<\/div>\n\t\t<\/div>\n\t\t\t\t<div class=\"elementor-column elementor-col-50 elementor-top-column elementor-element elementor-element-f0bad6a\" data-id=\"f0bad6a\" data-element_type=\"column\">\n\t\t\t<div class=\"elementor-widget-wrap elementor-element-populated\">\n\t\t\t\t\t\t<div class=\"elementor-element elementor-element-594d64c elementor-position-top elementor-widget elementor-widget-image-box\" data-id=\"594d64c\" data-element_type=\"widget\" data-widget_type=\"image-box.default\">\n\t\t\t\t<div class=\"elementor-widget-container\">\n\t\t\t\t\t<div class=\"elementor-image-box-wrapper\"><figure class=\"elementor-image-box-img\"><a href=\"https:\/\/www.campingdomaso.com\/de\/wohnungen\/ferienwohnungen\/80-qm-wohnung-200m-weit-vom-see\/\" tabindex=\"-1\"><img decoding=\"async\" width=\"2560\" height=\"1703\" src=\"https:\/\/www.campingdomaso.com\/wp-content\/uploads\/2024\/06\/80mq-3-scaled.jpg\" class=\"elementor-animation-grow attachment-full size-full wp-image-3805\" alt=\"\" srcset=\"https:\/\/www.campingdomaso.com\/wp-content\/uploads\/2024\/06\/80mq-3-scaled.jpg 2560w, https:\/\/www.campingdomaso.com\/wp-content\/uploads\/2024\/06\/80mq-3-300x200.jpg 300w, https:\/\/www.campingdomaso.com\/wp-content\/uploads\/2024\/06\/80mq-3-1024x681.jpg 1024w, https:\/\/www.campingdomaso.com\/wp-content\/uploads\/2024\/06\/80mq-3-768x511.jpg 768w, https:\/\/www.campingdomaso.com\/wp-content\/uploads\/2024\/06\/80mq-3-1536x1022.jpg 1536w, https:\/\/www.campingdomaso.com\/wp-content\/uploads\/2024\/06\/80mq-3-2048x1362.jpg 2048w\" sizes=\"(max-width: 2560px) 100vw, 2560px\" \/><\/a><\/figure><div class=\"elementor-image-box-content\"><h3 class=\"elementor-image-box-title\"><a href=\"https:\/\/www.campingdomaso.com\/de\/wohnungen\/ferienwohnungen\/80-qm-wohnung-200m-weit-vom-see\/\">80 qm Wohnung<\/a><\/h3><p class=\"elementor-image-box-description\">Eingerichteter Wohnk\u00fcche, Wohnzimmer, 2 Schlafzimmer, Bad\/WC, Sat. Fernseher, W-Lan, Klimaanlage, Terrasse, Parkplatz.<\/p><\/div><\/div>\t\t\t\t<\/div>\n\t\t\t\t<\/div>\n\t\t\t\t\t<\/div>\n\t\t<\/div>\n\t\t\t\t\t<\/div>\n\t\t<\/section>\n\t\t\t\t<\/div>\n\t\t","protected":false},"excerpt":{"rendered":"<p>Unsere Ferienh\u00e4user am Comer See liegen 5 gehen Minuten vom Strand und sind f\u00fcr Familien mit Kindern geeignet 60 qm Wohnung Eingerichteter Wohnk\u00fcche, Wohnzimmer, 2 Schlafzimmer, Bad\/WC, Sat. Fernseher, W-Lan, Klimaanlage, Terrasse, Parkplatz, direkt Zugang zum See 80 qm Wohnung Eingerichteter Wohnk\u00fcche, Wohnzimmer, 2 Schlafzimmer, Bad\/WC, Sat. Fernseher, W-Lan, Klimaanlage, Terrasse, Parkplatz.<\/p>\n","protected":false},"author":1,"featured_media":4047,"parent":1752,"menu_order":0,"comment_status":"closed","ping_status":"closed","template":"","meta":{"_acf_changed":false,"footnotes":""},"class_list":["post-1901","page","type-page","status-publish","has-post-thumbnail","hentry"],"acf":[],"yoast_head":"<!-- This site is optimized with the Yoast SEO plugin v26.3 - https:\/\/yoast.com\/wordpress\/plugins\/seo\/ -->\n<title>Ferienwohnungen - Camping Residence Gardenia, Domaso Lago di Como<\/title>\n<meta name=\"robots\" content=\"index, follow, max-snippet:-1, max-image-preview:large, max-video-preview:-1\" \/>\n<link rel=\"canonical\" href=\"https:\/\/www.campingdomaso.com\/de\/wohnungen\/ferienwohnungen\/\" \/>\n<meta property=\"og:locale\" content=\"de_DE\" \/>\n<meta property=\"og:type\" content=\"article\" \/>\n<meta property=\"og:title\" content=\"Ferienwohnungen - Camping Residence Gardenia, Domaso Lago di Como\" \/>\n<meta property=\"og:description\" content=\"Unsere Ferienh\u00e4user am Comer See liegen 5 gehen Minuten vom Strand und sind f\u00fcr Familien mit Kindern geeignet 60 qm Wohnung Eingerichteter Wohnk\u00fcche, Wohnzimmer, 2 Schlafzimmer, Bad\/WC, Sat. Fernseher, W-Lan, Klimaanlage, Terrasse, Parkplatz, direkt Zugang zum See 80 qm Wohnung Eingerichteter Wohnk\u00fcche, Wohnzimmer, 2 Schlafzimmer, Bad\/WC, Sat. Fernseher, W-Lan, Klimaanlage, Terrasse, Parkplatz.\" \/>\n<meta property=\"og:url\" content=\"https:\/\/www.campingdomaso.com\/de\/wohnungen\/ferienwohnungen\/\" \/>\n<meta property=\"og:site_name\" content=\"Camping Residence Gardenia, Domaso Lago di Como\" \/>\n<meta property=\"article:publisher\" content=\"https:\/\/www.facebook.com\/campingardenia\" \/>\n<meta property=\"article:modified_time\" content=\"2024-08-19T10:01:27+00:00\" \/>\n<meta property=\"og:image\" content=\"https:\/\/www.campingdomaso.com\/wp-content\/uploads\/2022\/06\/case-vacanze-80mq-4.jpg\" \/>\n\t<meta property=\"og:image:width\" content=\"640\" \/>\n\t<meta property=\"og:image:height\" content=\"426\" \/>\n\t<meta property=\"og:image:type\" content=\"image\/jpeg\" \/>\n<meta name=\"twitter:card\" content=\"summary_large_image\" \/>\n<meta name=\"twitter:label1\" content=\"Gesch\u00e4tzte Lesezeit\" \/>\n\t<meta name=\"twitter:data1\" content=\"1\u00a0Minute\" \/>\n<script type=\"application\/ld+json\" class=\"yoast-schema-graph\">{\"@context\":\"https:\/\/schema.org\",\"@graph\":[{\"@type\":\"WebPage\",\"@id\":\"https:\/\/www.campingdomaso.com\/de\/wohnungen\/ferienwohnungen\/\",\"url\":\"https:\/\/www.campingdomaso.com\/de\/wohnungen\/ferienwohnungen\/\",\"name\":\"Ferienwohnungen - Camping Residence Gardenia, Domaso Lago di Como\",\"isPartOf\":{\"@id\":\"https:\/\/www.campingdomaso.com\/de\/#website\"},\"primaryImageOfPage\":{\"@id\":\"https:\/\/www.campingdomaso.com\/de\/wohnungen\/ferienwohnungen\/#primaryimage\"},\"image\":{\"@id\":\"https:\/\/www.campingdomaso.com\/de\/wohnungen\/ferienwohnungen\/#primaryimage\"},\"thumbnailUrl\":\"https:\/\/www.campingdomaso.com\/wp-content\/uploads\/2025\/01\/80mq-12-scaled.jpg\",\"datePublished\":\"2022-06-16T08:27:32+00:00\",\"dateModified\":\"2024-08-19T10:01:27+00:00\",\"breadcrumb\":{\"@id\":\"https:\/\/www.campingdomaso.com\/de\/wohnungen\/ferienwohnungen\/#breadcrumb\"},\"inLanguage\":\"de\",\"potentialAction\":[{\"@type\":\"ReadAction\",\"target\":[\"https:\/\/www.campingdomaso.com\/de\/wohnungen\/ferienwohnungen\/\"]}]},{\"@type\":\"ImageObject\",\"inLanguage\":\"de\",\"@id\":\"https:\/\/www.campingdomaso.com\/de\/wohnungen\/ferienwohnungen\/#primaryimage\",\"url\":\"https:\/\/www.campingdomaso.com\/wp-content\/uploads\/2025\/01\/80mq-12-scaled.jpg\",\"contentUrl\":\"https:\/\/www.campingdomaso.com\/wp-content\/uploads\/2025\/01\/80mq-12-scaled.jpg\",\"width\":2560,\"height\":826},{\"@type\":\"BreadcrumbList\",\"@id\":\"https:\/\/www.campingdomaso.com\/de\/wohnungen\/ferienwohnungen\/#breadcrumb\",\"itemListElement\":[{\"@type\":\"ListItem\",\"position\":1,\"name\":\"Home\",\"item\":\"https:\/\/www.campingdomaso.com\/de\/\"},{\"@type\":\"ListItem\",\"position\":2,\"name\":\"Wohnungen\",\"item\":\"https:\/\/www.campingdomaso.com\/de\/wohnungen\/\"},{\"@type\":\"ListItem\",\"position\":3,\"name\":\"Ferienwohnungen\"}]},{\"@type\":\"WebSite\",\"@id\":\"https:\/\/www.campingdomaso.com\/de\/#website\",\"url\":\"https:\/\/www.campingdomaso.com\/de\/\",\"name\":\"Camping Residence Gardenia, Domaso Lago di Como\",\"description\":\"Camping Gardenia, ideale per coppie, famiglie e gruppi di amici. Domaso, Lago di Como\",\"publisher\":{\"@id\":\"https:\/\/www.campingdomaso.com\/de\/#organization\"},\"potentialAction\":[{\"@type\":\"SearchAction\",\"target\":{\"@type\":\"EntryPoint\",\"urlTemplate\":\"https:\/\/www.campingdomaso.com\/de\/?s={search_term_string}\"},\"query-input\":{\"@type\":\"PropertyValueSpecification\",\"valueRequired\":true,\"valueName\":\"search_term_string\"}}],\"inLanguage\":\"de\"},{\"@type\":\"Organization\",\"@id\":\"https:\/\/www.campingdomaso.com\/de\/#organization\",\"name\":\"Camping Residence Gardenia, Domaso - Lago di Como\",\"url\":\"https:\/\/www.campingdomaso.com\/de\/\",\"logo\":{\"@type\":\"ImageObject\",\"inLanguage\":\"de\",\"@id\":\"https:\/\/www.campingdomaso.com\/de\/#\/schema\/logo\/image\/\",\"url\":\"https:\/\/www.campingdomaso.com\/wp-content\/uploads\/2022\/05\/logo-gardenia.png\",\"contentUrl\":\"https:\/\/www.campingdomaso.com\/wp-content\/uploads\/2022\/05\/logo-gardenia.png\",\"width\":355,\"height\":147,\"caption\":\"Camping Residence Gardenia, Domaso - Lago di Como\"},\"image\":{\"@id\":\"https:\/\/www.campingdomaso.com\/de\/#\/schema\/logo\/image\/\"},\"sameAs\":[\"https:\/\/www.facebook.com\/campingardenia\",\"https:\/\/www.instagram.com\/campinggardenia\/\"]}]}<\/script>\n<!-- \/ Yoast SEO plugin. -->","yoast_head_json":{"title":"Ferienwohnungen - Camping Residence Gardenia, Domaso Lago di Como","robots":{"index":"index","follow":"follow","max-snippet":"max-snippet:-1","max-image-preview":"max-image-preview:large","max-video-preview":"max-video-preview:-1"},"canonical":"https:\/\/www.campingdomaso.com\/de\/wohnungen\/ferienwohnungen\/","og_locale":"de_DE","og_type":"article","og_title":"Ferienwohnungen - Camping Residence Gardenia, Domaso Lago di Como","og_description":"Unsere Ferienh\u00e4user am Comer See liegen 5 gehen Minuten vom Strand und sind f\u00fcr Familien mit Kindern geeignet 60 qm Wohnung Eingerichteter Wohnk\u00fcche, Wohnzimmer, 2 Schlafzimmer, Bad\/WC, Sat. Fernseher, W-Lan, Klimaanlage, Terrasse, Parkplatz, direkt Zugang zum See 80 qm Wohnung Eingerichteter Wohnk\u00fcche, Wohnzimmer, 2 Schlafzimmer, Bad\/WC, Sat. Fernseher, W-Lan, Klimaanlage, Terrasse, Parkplatz.","og_url":"https:\/\/www.campingdomaso.com\/de\/wohnungen\/ferienwohnungen\/","og_site_name":"Camping Residence Gardenia, Domaso Lago di Como","article_publisher":"https:\/\/www.facebook.com\/campingardenia","article_modified_time":"2024-08-19T10:01:27+00:00","og_image":[{"width":640,"height":426,"url":"https:\/\/www.campingdomaso.com\/wp-content\/uploads\/2022\/06\/case-vacanze-80mq-4.jpg","type":"image\/jpeg"}],"twitter_card":"summary_large_image","twitter_misc":{"Gesch\u00e4tzte Lesezeit":"1\u00a0Minute"},"schema":{"@context":"https:\/\/schema.org","@graph":[{"@type":"WebPage","@id":"https:\/\/www.campingdomaso.com\/de\/wohnungen\/ferienwohnungen\/","url":"https:\/\/www.campingdomaso.com\/de\/wohnungen\/ferienwohnungen\/","name":"Ferienwohnungen - Camping Residence Gardenia, Domaso Lago di Como","isPartOf":{"@id":"https:\/\/www.campingdomaso.com\/de\/#website"},"primaryImageOfPage":{"@id":"https:\/\/www.campingdomaso.com\/de\/wohnungen\/ferienwohnungen\/#primaryimage"},"image":{"@id":"https:\/\/www.campingdomaso.com\/de\/wohnungen\/ferienwohnungen\/#primaryimage"},"thumbnailUrl":"https:\/\/www.campingdomaso.com\/wp-content\/uploads\/2025\/01\/80mq-12-scaled.jpg","datePublished":"2022-06-16T08:27:32+00:00","dateModified":"2024-08-19T10:01:27+00:00","breadcrumb":{"@id":"https:\/\/www.campingdomaso.com\/de\/wohnungen\/ferienwohnungen\/#breadcrumb"},"inLanguage":"de","potentialAction":[{"@type":"ReadAction","target":["https:\/\/www.campingdomaso.com\/de\/wohnungen\/ferienwohnungen\/"]}]},{"@type":"ImageObject","inLanguage":"de","@id":"https:\/\/www.campingdomaso.com\/de\/wohnungen\/ferienwohnungen\/#primaryimage","url":"https:\/\/www.campingdomaso.com\/wp-content\/uploads\/2025\/01\/80mq-12-scaled.jpg","contentUrl":"https:\/\/www.campingdomaso.com\/wp-content\/uploads\/2025\/01\/80mq-12-scaled.jpg","width":2560,"height":826},{"@type":"BreadcrumbList","@id":"https:\/\/www.campingdomaso.com\/de\/wohnungen\/ferienwohnungen\/#breadcrumb","itemListElement":[{"@type":"ListItem","position":1,"name":"Home","item":"https:\/\/www.campingdomaso.com\/de\/"},{"@type":"ListItem","position":2,"name":"Wohnungen","item":"https:\/\/www.campingdomaso.com\/de\/wohnungen\/"},{"@type":"ListItem","position":3,"name":"Ferienwohnungen"}]},{"@type":"WebSite","@id":"https:\/\/www.campingdomaso.com\/de\/#website","url":"https:\/\/www.campingdomaso.com\/de\/","name":"Camping Residence Gardenia, Domaso Lago di Como","description":"Camping Gardenia, ideale per coppie, famiglie e gruppi di amici. Domaso, Lago di Como","publisher":{"@id":"https:\/\/www.campingdomaso.com\/de\/#organization"},"potentialAction":[{"@type":"SearchAction","target":{"@type":"EntryPoint","urlTemplate":"https:\/\/www.campingdomaso.com\/de\/?s={search_term_string}"},"query-input":{"@type":"PropertyValueSpecification","valueRequired":true,"valueName":"search_term_string"}}],"inLanguage":"de"},{"@type":"Organization","@id":"https:\/\/www.campingdomaso.com\/de\/#organization","name":"Camping Residence Gardenia, Domaso - Lago di Como","url":"https:\/\/www.campingdomaso.com\/de\/","logo":{"@type":"ImageObject","inLanguage":"de","@id":"https:\/\/www.campingdomaso.com\/de\/#\/schema\/logo\/image\/","url":"https:\/\/www.campingdomaso.com\/wp-content\/uploads\/2022\/05\/logo-gardenia.png","contentUrl":"https:\/\/www.campingdomaso.com\/wp-content\/uploads\/2022\/05\/logo-gardenia.png","width":355,"height":147,"caption":"Camping Residence Gardenia, Domaso - Lago di Como"},"image":{"@id":"https:\/\/www.campingdomaso.com\/de\/#\/schema\/logo\/image\/"},"sameAs":["https:\/\/www.facebook.com\/campingardenia","https:\/\/www.instagram.com\/campinggardenia\/"]}]}},"_links":{"self":[{"href":"https:\/\/www.campingdomaso.com\/de\/wp-json\/wp\/v2\/pages\/1901","targetHints":{"allow":["GET"]}}],"collection":[{"href":"https:\/\/www.campingdomaso.com\/de\/wp-json\/wp\/v2\/pages"}],"about":[{"href":"https:\/\/www.campingdomaso.com\/de\/wp-json\/wp\/v2\/types\/page"}],"author":[{"embeddable":true,"href":"https:\/\/www.campingdomaso.com\/de\/wp-json\/wp\/v2\/users\/1"}],"replies":[{"embeddable":true,"href":"https:\/\/www.campingdomaso.com\/de\/wp-json\/wp\/v2\/comments?post=1901"}],"version-history":[{"count":19,"href":"https:\/\/www.campingdomaso.com\/de\/wp-json\/wp\/v2\/pages\/1901\/revisions"}],"predecessor-version":[{"id":3921,"href":"https:\/\/www.campingdomaso.com\/de\/wp-json\/wp\/v2\/pages\/1901\/revisions\/3921"}],"up":[{"embeddable":true,"href":"https:\/\/www.campingdomaso.com\/de\/wp-json\/wp\/v2\/pages\/1752"}],"wp:featuredmedia":[{"embeddable":true,"href":"https:\/\/www.campingdomaso.com\/de\/wp-json\/wp\/v2\/media\/4047"}],"wp:attachment":[{"href":"https:\/\/www.campingdomaso.com\/de\/wp-json\/wp\/v2\/media?parent=1901"}],"curies":[{"name":"wp","href":"https:\/\/api.w.org\/{rel}","templated":true}]}}