{"id":1752,"date":"2022-06-10T09:08:11","date_gmt":"2022-06-10T09:08:11","guid":{"rendered":"https:\/\/www.campingdomaso.com\/wohnungen\/"},"modified":"2022-10-23T09:06:49","modified_gmt":"2022-10-23T09:06:49","slug":"wohnungen","status":"publish","type":"page","link":"https:\/\/www.campingdomaso.com\/de\/wohnungen\/","title":{"rendered":"Wohnungen"},"content":{"rendered":"\t\t<div data-elementor-type=\"wp-page\" data-elementor-id=\"1752\" class=\"elementor elementor-1752 elementor-561\" data-elementor-post-type=\"page\">\n\t\t\t\t\t\t<section class=\"elementor-section elementor-top-section elementor-element elementor-element-953167d elementor-reverse-mobile elementor-section-boxed elementor-section-height-default elementor-section-height-default\" data-id=\"953167d\" data-element_type=\"section\">\n\t\t\t\t\t\t<div class=\"elementor-container elementor-column-gap-default\">\n\t\t\t\t\t<div class=\"elementor-column elementor-col-100 elementor-top-column elementor-element elementor-element-4aa0e04\" data-id=\"4aa0e04\" data-element_type=\"column\">\n\t\t\t<div class=\"elementor-widget-wrap elementor-element-populated\">\n\t\t\t\t\t\t<div class=\"elementor-element elementor-element-a2e8ccf elementor-widget elementor-widget-heading\" data-id=\"a2e8ccf\" data-element_type=\"widget\" data-widget_type=\"heading.default\">\n\t\t\t\t<div class=\"elementor-widget-container\">\n\t\t\t\t\t<h2 class=\"elementor-heading-title elementor-size-default\">Dein Anwesen am Comer See<\/h2>\t\t\t\t<\/div>\n\t\t\t\t<\/div>\n\t\t\t\t<div class=\"elementor-element elementor-element-a081189 elementor-widget elementor-widget-text-editor\" data-id=\"a081189\" data-element_type=\"widget\" data-widget_type=\"text-editor.default\">\n\t\t\t\t<div class=\"elementor-widget-container\">\n\t\t\t\t\t\t\t\t\t<p>Wir bieten ihnen verschiedene M\u00f6glichkeiten zur Auswahl Ihrer Unterk\u00fcnfte am <strong>Comer See<\/strong> : Ferienwohnungen direkt am See, ruhige Zimmer einige Geh-Minuten vom Strand entfernt, oder gr\u00f6ssere Wohnungen f\u00fcr Familien geeignet. W\u00e4hlen Sie Ihren Favoriten:<\/p>\t\t\t\t\t\t\t\t<\/div>\n\t\t\t\t<\/div>\n\t\t\t\t\t<\/div>\n\t\t<\/div>\n\t\t\t\t\t<\/div>\n\t\t<\/section>\n\t\t\t\t<section class=\"elementor-section elementor-top-section elementor-element elementor-element-cba6569 elementor-section-boxed elementor-section-height-default elementor-section-height-default\" data-id=\"cba6569\" data-element_type=\"section\">\n\t\t\t\t\t\t<div class=\"elementor-container elementor-column-gap-default\">\n\t\t\t\t\t<div class=\"elementor-column elementor-col-33 elementor-top-column elementor-element elementor-element-22bfdc5\" data-id=\"22bfdc5\" data-element_type=\"column\">\n\t\t\t<div class=\"elementor-widget-wrap elementor-element-populated\">\n\t\t\t\t\t\t<div class=\"elementor-element elementor-element-53bf685 elementor-position-top elementor-widget elementor-widget-image-box\" data-id=\"53bf685\" data-element_type=\"widget\" data-widget_type=\"image-box.default\">\n\t\t\t\t<div class=\"elementor-widget-container\">\n\t\t\t\t\t<div class=\"elementor-image-box-wrapper\"><figure class=\"elementor-image-box-img\"><a href=\"https:\/\/www.campingdomaso.com\/de\/wohnungen\/ferienwohnungen-direkt-am-see\/\" tabindex=\"-1\"><img fetchpriority=\"high\" decoding=\"async\" width=\"2560\" height=\"1709\" src=\"https:\/\/www.campingdomaso.com\/wp-content\/uploads\/2022\/05\/Ferienwohnungen-Comer-See-scaled.jpg\" class=\"elementor-animation-grow attachment-full size-full wp-image-1399\" alt=\"\" srcset=\"https:\/\/www.campingdomaso.com\/wp-content\/uploads\/2022\/05\/Ferienwohnungen-Comer-See-scaled.jpg 2560w, https:\/\/www.campingdomaso.com\/wp-content\/uploads\/2022\/05\/Ferienwohnungen-Comer-See-300x200.jpg 300w, https:\/\/www.campingdomaso.com\/wp-content\/uploads\/2022\/05\/Ferienwohnungen-Comer-See-1024x684.jpg 1024w, https:\/\/www.campingdomaso.com\/wp-content\/uploads\/2022\/05\/Ferienwohnungen-Comer-See-768x513.jpg 768w, https:\/\/www.campingdomaso.com\/wp-content\/uploads\/2022\/05\/Ferienwohnungen-Comer-See-1536x1025.jpg 1536w, https:\/\/www.campingdomaso.com\/wp-content\/uploads\/2022\/05\/Ferienwohnungen-Comer-See-2048x1367.jpg 2048w\" sizes=\"(max-width: 2560px) 100vw, 2560px\" \/><\/a><\/figure><div class=\"elementor-image-box-content\"><h3 class=\"elementor-image-box-title\"><a href=\"https:\/\/www.campingdomaso.com\/de\/wohnungen\/ferienwohnungen-direkt-am-see\/\">Ferienwohnungen Direkt am See<\/a><\/h3><p class=\"elementor-image-box-description\">Von der Terrasse aller unserer Ferienwohnungen am Comer See haben Sie einen bezaubernden Blick auf den See und den majest\u00e4tischen Berg Legnone, der mit seinen 2609 m h\u00f6he einen herrlichen Blick auf die westlichen Orobie-Alpen bietet.<\/p><\/div><\/div>\t\t\t\t<\/div>\n\t\t\t\t<\/div>\n\t\t\t\t\t<\/div>\n\t\t<\/div>\n\t\t\t\t<div class=\"elementor-column elementor-col-33 elementor-top-column elementor-element elementor-element-29a20e1\" data-id=\"29a20e1\" data-element_type=\"column\">\n\t\t\t<div class=\"elementor-widget-wrap elementor-element-populated\">\n\t\t\t\t\t\t<div class=\"elementor-element elementor-element-67fac23 elementor-position-top elementor-widget elementor-widget-image-box\" data-id=\"67fac23\" data-element_type=\"widget\" data-widget_type=\"image-box.default\">\n\t\t\t\t<div class=\"elementor-widget-container\">\n\t\t\t\t\t<div class=\"elementor-image-box-wrapper\"><figure class=\"elementor-image-box-img\"><a href=\"https:\/\/www.campingdomaso.com\/de\/wohnungen\/einzimmerwohnungen-200m-weit-vom-see\/\" tabindex=\"-1\"><img decoding=\"async\" width=\"1917\" height=\"1280\" src=\"https:\/\/www.campingdomaso.com\/wp-content\/uploads\/2022\/06\/camera-200mt-4.jpg\" class=\"elementor-animation-grow attachment-full size-full wp-image-1570\" alt=\"\" srcset=\"https:\/\/www.campingdomaso.com\/wp-content\/uploads\/2022\/06\/camera-200mt-4.jpg 1917w, https:\/\/www.campingdomaso.com\/wp-content\/uploads\/2022\/06\/camera-200mt-4-300x200.jpg 300w, https:\/\/www.campingdomaso.com\/wp-content\/uploads\/2022\/06\/camera-200mt-4-1024x684.jpg 1024w, https:\/\/www.campingdomaso.com\/wp-content\/uploads\/2022\/06\/camera-200mt-4-768x513.jpg 768w, https:\/\/www.campingdomaso.com\/wp-content\/uploads\/2022\/06\/camera-200mt-4-1536x1026.jpg 1536w\" sizes=\"(max-width: 1917px) 100vw, 1917px\" \/><\/a><\/figure><div class=\"elementor-image-box-content\"><h3 class=\"elementor-image-box-title\"><a href=\"https:\/\/www.campingdomaso.com\/de\/wohnungen\/einzimmerwohnungen-200m-weit-vom-see\/\">Einzimmerwohnungen 200m weit vom See<\/a><\/h3><p class=\"elementor-image-box-description\">Einzimmer-Wohnung, 2-3-4 Betten, eingerichtete Kochnische, Bad\/WC, Sat. Fernseher, W-Lan, Terrasse, Parkplatz<\/p><\/div><\/div>\t\t\t\t<\/div>\n\t\t\t\t<\/div>\n\t\t\t\t\t<\/div>\n\t\t<\/div>\n\t\t\t\t<div class=\"elementor-column elementor-col-33 elementor-top-column elementor-element elementor-element-730bd0e\" data-id=\"730bd0e\" data-element_type=\"column\">\n\t\t\t<div class=\"elementor-widget-wrap elementor-element-populated\">\n\t\t\t\t\t\t<div class=\"elementor-element elementor-element-702790b elementor-position-top elementor-widget elementor-widget-image-box\" data-id=\"702790b\" data-element_type=\"widget\" data-widget_type=\"image-box.default\">\n\t\t\t\t<div class=\"elementor-widget-container\">\n\t\t\t\t\t<div class=\"elementor-image-box-wrapper\"><figure class=\"elementor-image-box-img\"><a href=\"https:\/\/www.campingdomaso.com\/de\/wohnungen\/ferienwohnungen\/\" tabindex=\"-1\"><img decoding=\"async\" width=\"640\" height=\"426\" src=\"https:\/\/www.campingdomaso.com\/wp-content\/uploads\/2022\/06\/casa-vacanze-camping-domaso.jpg\" class=\"elementor-animation-grow attachment-full size-full wp-image-1435\" alt=\"\" srcset=\"https:\/\/www.campingdomaso.com\/wp-content\/uploads\/2022\/06\/casa-vacanze-camping-domaso.jpg 640w, https:\/\/www.campingdomaso.com\/wp-content\/uploads\/2022\/06\/casa-vacanze-camping-domaso-300x200.jpg 300w\" sizes=\"(max-width: 640px) 100vw, 640px\" \/><\/a><\/figure><div class=\"elementor-image-box-content\"><h3 class=\"elementor-image-box-title\"><a href=\"https:\/\/www.campingdomaso.com\/de\/wohnungen\/ferienwohnungen\/\">Ferienwohnungen<\/a><\/h3><p class=\"elementor-image-box-description\">Unsere Ferienh\u00e4user am Comer See liegen 5 gehen Minuten weit vom Strand und sind f\u00fcr Familien mit Kindern geeignet.<\/p><\/div><\/div>\t\t\t\t<\/div>\n\t\t\t\t<\/div>\n\t\t\t\t\t<\/div>\n\t\t<\/div>\n\t\t\t\t\t<\/div>\n\t\t<\/section>\n\t\t\t\t<\/div>\n\t\t","protected":false},"excerpt":{"rendered":"<p>Dein Anwesen am Comer See Wir bieten ihnen verschiedene M\u00f6glichkeiten zur Auswahl Ihrer Unterk\u00fcnfte am Comer See : Ferienwohnungen direkt am See, ruhige Zimmer einige Geh-Minuten vom Strand entfernt, oder gr\u00f6ssere Wohnungen f\u00fcr Familien geeignet. W\u00e4hlen Sie Ihren Favoriten: Ferienwohnungen Direkt am See Von der Terrasse aller unserer Ferienwohnungen am Comer See haben Sie einen [&hellip;]<\/p>\n","protected":false},"author":1,"featured_media":1399,"parent":0,"menu_order":0,"comment_status":"closed","ping_status":"closed","template":"","meta":{"_acf_changed":false,"footnotes":""},"class_list":["post-1752","page","type-page","status-publish","has-post-thumbnail","hentry"],"acf":[],"yoast_head":"<!-- This site is optimized with the Yoast SEO plugin v26.3 - https:\/\/yoast.com\/wordpress\/plugins\/seo\/ -->\n<title>Wohnungen - Camping Residence Gardenia, Domaso Lago di Como<\/title>\n<meta name=\"robots\" content=\"index, follow, max-snippet:-1, max-image-preview:large, max-video-preview:-1\" \/>\n<link rel=\"canonical\" href=\"https:\/\/www.campingdomaso.com\/de\/wohnungen\/\" \/>\n<meta property=\"og:locale\" content=\"de_DE\" \/>\n<meta property=\"og:type\" content=\"article\" \/>\n<meta property=\"og:title\" content=\"Wohnungen - Camping Residence Gardenia, Domaso Lago di Como\" \/>\n<meta property=\"og:description\" content=\"Dein Anwesen am Comer See Wir bieten ihnen verschiedene M\u00f6glichkeiten zur Auswahl Ihrer Unterk\u00fcnfte am Comer See : Ferienwohnungen direkt am See, ruhige Zimmer einige Geh-Minuten vom Strand entfernt, oder gr\u00f6ssere Wohnungen f\u00fcr Familien geeignet. W\u00e4hlen Sie Ihren Favoriten: Ferienwohnungen Direkt am See Von der Terrasse aller unserer Ferienwohnungen am Comer See haben Sie einen [&hellip;]\" \/>\n<meta property=\"og:url\" content=\"https:\/\/www.campingdomaso.com\/de\/wohnungen\/\" \/>\n<meta property=\"og:site_name\" content=\"Camping Residence Gardenia, Domaso Lago di Como\" \/>\n<meta property=\"article:publisher\" content=\"https:\/\/www.facebook.com\/campingardenia\" \/>\n<meta property=\"article:modified_time\" content=\"2022-10-23T09:06:49+00:00\" \/>\n<meta property=\"og:image\" content=\"https:\/\/www.campingdomaso.com\/wp-content\/uploads\/2022\/05\/Ferienwohnungen-Comer-See-scaled.jpg\" \/>\n\t<meta property=\"og:image:width\" content=\"2560\" \/>\n\t<meta property=\"og:image:height\" content=\"1709\" \/>\n\t<meta property=\"og:image:type\" content=\"image\/jpeg\" \/>\n<meta name=\"twitter:card\" content=\"summary_large_image\" \/>\n<meta name=\"twitter:label1\" content=\"Gesch\u00e4tzte Lesezeit\" \/>\n\t<meta name=\"twitter:data1\" content=\"2\u00a0Minuten\" \/>\n<script type=\"application\/ld+json\" class=\"yoast-schema-graph\">{\"@context\":\"https:\/\/schema.org\",\"@graph\":[{\"@type\":\"WebPage\",\"@id\":\"https:\/\/www.campingdomaso.com\/de\/wohnungen\/\",\"url\":\"https:\/\/www.campingdomaso.com\/de\/wohnungen\/\",\"name\":\"Wohnungen - Camping Residence Gardenia, Domaso Lago di Como\",\"isPartOf\":{\"@id\":\"https:\/\/www.campingdomaso.com\/de\/#website\"},\"primaryImageOfPage\":{\"@id\":\"https:\/\/www.campingdomaso.com\/de\/wohnungen\/#primaryimage\"},\"image\":{\"@id\":\"https:\/\/www.campingdomaso.com\/de\/wohnungen\/#primaryimage\"},\"thumbnailUrl\":\"https:\/\/www.campingdomaso.com\/wp-content\/uploads\/2022\/05\/Ferienwohnungen-Comer-See-scaled.jpg\",\"datePublished\":\"2022-06-10T09:08:11+00:00\",\"dateModified\":\"2022-10-23T09:06:49+00:00\",\"breadcrumb\":{\"@id\":\"https:\/\/www.campingdomaso.com\/de\/wohnungen\/#breadcrumb\"},\"inLanguage\":\"de\",\"potentialAction\":[{\"@type\":\"ReadAction\",\"target\":[\"https:\/\/www.campingdomaso.com\/de\/wohnungen\/\"]}]},{\"@type\":\"ImageObject\",\"inLanguage\":\"de\",\"@id\":\"https:\/\/www.campingdomaso.com\/de\/wohnungen\/#primaryimage\",\"url\":\"https:\/\/www.campingdomaso.com\/wp-content\/uploads\/2022\/05\/Ferienwohnungen-Comer-See-scaled.jpg\",\"contentUrl\":\"https:\/\/www.campingdomaso.com\/wp-content\/uploads\/2022\/05\/Ferienwohnungen-Comer-See-scaled.jpg\",\"width\":2560,\"height\":1709},{\"@type\":\"BreadcrumbList\",\"@id\":\"https:\/\/www.campingdomaso.com\/de\/wohnungen\/#breadcrumb\",\"itemListElement\":[{\"@type\":\"ListItem\",\"position\":1,\"name\":\"Home\",\"item\":\"https:\/\/www.campingdomaso.com\/de\/\"},{\"@type\":\"ListItem\",\"position\":2,\"name\":\"Wohnungen\"}]},{\"@type\":\"WebSite\",\"@id\":\"https:\/\/www.campingdomaso.com\/de\/#website\",\"url\":\"https:\/\/www.campingdomaso.com\/de\/\",\"name\":\"Camping Residence Gardenia, Domaso Lago di Como\",\"description\":\"Camping Gardenia, ideale per coppie, famiglie e gruppi di amici. Domaso, Lago di Como\",\"publisher\":{\"@id\":\"https:\/\/www.campingdomaso.com\/de\/#organization\"},\"potentialAction\":[{\"@type\":\"SearchAction\",\"target\":{\"@type\":\"EntryPoint\",\"urlTemplate\":\"https:\/\/www.campingdomaso.com\/de\/?s={search_term_string}\"},\"query-input\":{\"@type\":\"PropertyValueSpecification\",\"valueRequired\":true,\"valueName\":\"search_term_string\"}}],\"inLanguage\":\"de\"},{\"@type\":\"Organization\",\"@id\":\"https:\/\/www.campingdomaso.com\/de\/#organization\",\"name\":\"Camping Residence Gardenia, Domaso - Lago di Como\",\"url\":\"https:\/\/www.campingdomaso.com\/de\/\",\"logo\":{\"@type\":\"ImageObject\",\"inLanguage\":\"de\",\"@id\":\"https:\/\/www.campingdomaso.com\/de\/#\/schema\/logo\/image\/\",\"url\":\"https:\/\/www.campingdomaso.com\/wp-content\/uploads\/2022\/05\/logo-gardenia.png\",\"contentUrl\":\"https:\/\/www.campingdomaso.com\/wp-content\/uploads\/2022\/05\/logo-gardenia.png\",\"width\":355,\"height\":147,\"caption\":\"Camping Residence Gardenia, Domaso - Lago di Como\"},\"image\":{\"@id\":\"https:\/\/www.campingdomaso.com\/de\/#\/schema\/logo\/image\/\"},\"sameAs\":[\"https:\/\/www.facebook.com\/campingardenia\",\"https:\/\/www.instagram.com\/campinggardenia\/\"]}]}<\/script>\n<!-- \/ Yoast SEO plugin. -->","yoast_head_json":{"title":"Wohnungen - Camping Residence Gardenia, Domaso Lago di Como","robots":{"index":"index","follow":"follow","max-snippet":"max-snippet:-1","max-image-preview":"max-image-preview:large","max-video-preview":"max-video-preview:-1"},"canonical":"https:\/\/www.campingdomaso.com\/de\/wohnungen\/","og_locale":"de_DE","og_type":"article","og_title":"Wohnungen - Camping Residence Gardenia, Domaso Lago di Como","og_description":"Dein Anwesen am Comer See Wir bieten ihnen verschiedene M\u00f6glichkeiten zur Auswahl Ihrer Unterk\u00fcnfte am Comer See : Ferienwohnungen direkt am See, ruhige Zimmer einige Geh-Minuten vom Strand entfernt, oder gr\u00f6ssere Wohnungen f\u00fcr Familien geeignet. W\u00e4hlen Sie Ihren Favoriten: Ferienwohnungen Direkt am See Von der Terrasse aller unserer Ferienwohnungen am Comer See haben Sie einen [&hellip;]","og_url":"https:\/\/www.campingdomaso.com\/de\/wohnungen\/","og_site_name":"Camping Residence Gardenia, Domaso Lago di Como","article_publisher":"https:\/\/www.facebook.com\/campingardenia","article_modified_time":"2022-10-23T09:06:49+00:00","og_image":[{"width":2560,"height":1709,"url":"https:\/\/www.campingdomaso.com\/wp-content\/uploads\/2022\/05\/Ferienwohnungen-Comer-See-scaled.jpg","type":"image\/jpeg"}],"twitter_card":"summary_large_image","twitter_misc":{"Gesch\u00e4tzte Lesezeit":"2\u00a0Minuten"},"schema":{"@context":"https:\/\/schema.org","@graph":[{"@type":"WebPage","@id":"https:\/\/www.campingdomaso.com\/de\/wohnungen\/","url":"https:\/\/www.campingdomaso.com\/de\/wohnungen\/","name":"Wohnungen - Camping Residence Gardenia, Domaso Lago di Como","isPartOf":{"@id":"https:\/\/www.campingdomaso.com\/de\/#website"},"primaryImageOfPage":{"@id":"https:\/\/www.campingdomaso.com\/de\/wohnungen\/#primaryimage"},"image":{"@id":"https:\/\/www.campingdomaso.com\/de\/wohnungen\/#primaryimage"},"thumbnailUrl":"https:\/\/www.campingdomaso.com\/wp-content\/uploads\/2022\/05\/Ferienwohnungen-Comer-See-scaled.jpg","datePublished":"2022-06-10T09:08:11+00:00","dateModified":"2022-10-23T09:06:49+00:00","breadcrumb":{"@id":"https:\/\/www.campingdomaso.com\/de\/wohnungen\/#breadcrumb"},"inLanguage":"de","potentialAction":[{"@type":"ReadAction","target":["https:\/\/www.campingdomaso.com\/de\/wohnungen\/"]}]},{"@type":"ImageObject","inLanguage":"de","@id":"https:\/\/www.campingdomaso.com\/de\/wohnungen\/#primaryimage","url":"https:\/\/www.campingdomaso.com\/wp-content\/uploads\/2022\/05\/Ferienwohnungen-Comer-See-scaled.jpg","contentUrl":"https:\/\/www.campingdomaso.com\/wp-content\/uploads\/2022\/05\/Ferienwohnungen-Comer-See-scaled.jpg","width":2560,"height":1709},{"@type":"BreadcrumbList","@id":"https:\/\/www.campingdomaso.com\/de\/wohnungen\/#breadcrumb","itemListElement":[{"@type":"ListItem","position":1,"name":"Home","item":"https:\/\/www.campingdomaso.com\/de\/"},{"@type":"ListItem","position":2,"name":"Wohnungen"}]},{"@type":"WebSite","@id":"https:\/\/www.campingdomaso.com\/de\/#website","url":"https:\/\/www.campingdomaso.com\/de\/","name":"Camping Residence Gardenia, Domaso Lago di Como","description":"Camping Gardenia, ideale per coppie, famiglie e gruppi di amici. Domaso, Lago di Como","publisher":{"@id":"https:\/\/www.campingdomaso.com\/de\/#organization"},"potentialAction":[{"@type":"SearchAction","target":{"@type":"EntryPoint","urlTemplate":"https:\/\/www.campingdomaso.com\/de\/?s={search_term_string}"},"query-input":{"@type":"PropertyValueSpecification","valueRequired":true,"valueName":"search_term_string"}}],"inLanguage":"de"},{"@type":"Organization","@id":"https:\/\/www.campingdomaso.com\/de\/#organization","name":"Camping Residence Gardenia, Domaso - Lago di Como","url":"https:\/\/www.campingdomaso.com\/de\/","logo":{"@type":"ImageObject","inLanguage":"de","@id":"https:\/\/www.campingdomaso.com\/de\/#\/schema\/logo\/image\/","url":"https:\/\/www.campingdomaso.com\/wp-content\/uploads\/2022\/05\/logo-gardenia.png","contentUrl":"https:\/\/www.campingdomaso.com\/wp-content\/uploads\/2022\/05\/logo-gardenia.png","width":355,"height":147,"caption":"Camping Residence Gardenia, Domaso - Lago di Como"},"image":{"@id":"https:\/\/www.campingdomaso.com\/de\/#\/schema\/logo\/image\/"},"sameAs":["https:\/\/www.facebook.com\/campingardenia","https:\/\/www.instagram.com\/campinggardenia\/"]}]}},"_links":{"self":[{"href":"https:\/\/www.campingdomaso.com\/de\/wp-json\/wp\/v2\/pages\/1752","targetHints":{"allow":["GET"]}}],"collection":[{"href":"https:\/\/www.campingdomaso.com\/de\/wp-json\/wp\/v2\/pages"}],"about":[{"href":"https:\/\/www.campingdomaso.com\/de\/wp-json\/wp\/v2\/types\/page"}],"author":[{"embeddable":true,"href":"https:\/\/www.campingdomaso.com\/de\/wp-json\/wp\/v2\/users\/1"}],"replies":[{"embeddable":true,"href":"https:\/\/www.campingdomaso.com\/de\/wp-json\/wp\/v2\/comments?post=1752"}],"version-history":[{"count":21,"href":"https:\/\/www.campingdomaso.com\/de\/wp-json\/wp\/v2\/pages\/1752\/revisions"}],"predecessor-version":[{"id":3098,"href":"https:\/\/www.campingdomaso.com\/de\/wp-json\/wp\/v2\/pages\/1752\/revisions\/3098"}],"wp:featuredmedia":[{"embeddable":true,"href":"https:\/\/www.campingdomaso.com\/de\/wp-json\/wp\/v2\/media\/1399"}],"wp:attachment":[{"href":"https:\/\/www.campingdomaso.com\/de\/wp-json\/wp\/v2\/media?parent=1752"}],"curies":[{"name":"wp","href":"https:\/\/api.w.org\/{rel}","templated":true}]}}